{"id":2166,"date":"2016-06-22T10:32:37","date_gmt":"2016-06-22T08:32:37","guid":{"rendered":"http:\/\/asta-giessen.de\/?page_id=2166"},"modified":"2025-11-10T12:36:56","modified_gmt":"2025-11-10T11:36:56","slug":"verkehr-und-infrastruktur","status":"publish","type":"page","link":"https:\/\/www.asta-giessen.de\/en\/referate\/verkehr-und-infrastruktur\/","title":{"rendered":"Transport and Infrastructure"},"content":{"rendered":"<p>The Department for Transport and Infrastructure is responsible for all matters related to mobility and transportation at JLU. Its main tasks include negotiating the conditions for your semester ticket and expanding the bike-sharing system in cooperation with <em>nextbike<\/em>.<\/p>\r\n<p>Other ongoing projects include:<\/p>\r\n<ul>\r\n<li>creating new bicycle parking spaces,<\/li>\r\n<li>advocating for additional bus and train stops near the university,<\/li>\r\n<li>and promoting accessibility in all areas of the university.<\/li>\r\n<\/ul>\r\n<p>For all these projects, we work closely with other departments within the AStA, the AStA of THM, various local initiatives in Gie\u00dfen (such as Verkehrswende Gie\u00dfen), and the City of Gie\u00dfen.<\/p>\r\n<p>We are especially proud of our cargo bike \u201cE-LAStA\u201d, which you can borrow for free (donations appreciated) from our partner \u201cdas ALLrad.\u201d To rent it, you simply need an account with \u201cdas ALLrad.\u201d<\/p>\r\n<p><a href=\"https:\/\/dasallrad.org\/cb_item\/e-lasta\/\">&gt;&gt; Click here to go directly to \u201eE-LAStA\u201c &lt;&lt;<\/a><\/p>\r\n<p><a href=\"https:\/\/www.asta-giessen.de\/wp-content\/uploads\/2025\/11\/Unbenannt.png\"><img loading=\"lazy\" decoding=\"async\" class=\"alignnone size-full wp-image-10209\" src=\"https:\/\/www.asta-giessen.de\/wp-content\/uploads\/2025\/11\/Unbenannt.png\" alt=\"\" width=\"908\" height=\"510\" srcset=\"https:\/\/www.asta-giessen.de\/wp-content\/uploads\/2025\/11\/Unbenannt.png 908w, https:\/\/www.asta-giessen.de\/wp-content\/uploads\/2025\/11\/Unbenannt-300x169.png 300w, https:\/\/www.asta-giessen.de\/wp-content\/uploads\/2025\/11\/Unbenannt-768x431.png 768w, https:\/\/www.asta-giessen.de\/wp-content\/uploads\/2025\/11\/Unbenannt-107x60.png 107w, https:\/\/www.asta-giessen.de\/wp-content\/uploads\/2025\/11\/Unbenannt-840x473.png 840w\" sizes=\"auto, (max-width: 908px) 100vw, 908px\" \/><\/a><\/p>\r\n\r\n\r\n\r\n<figure><\/figure>\r\n<figure class=\"wp-block-image\"><img loading=\"lazy\" decoding=\"async\" width=\"812\" height=\"1024\" class=\"wp-image-4627\" src=\"https:\/\/www.asta-giessen.de\/wp-content\/uploads\/2020\/04\/Deutschlandkarte-nextbike-Systeme-812x1024.png\" alt=\"\" srcset=\"https:\/\/www.asta-giessen.de\/wp-content\/uploads\/2020\/04\/Deutschlandkarte-nextbike-Systeme-812x1024.png 812w, https:\/\/www.asta-giessen.de\/wp-content\/uploads\/2020\/04\/Deutschlandkarte-nextbike-Systeme-238x300.png 238w, https:\/\/www.asta-giessen.de\/wp-content\/uploads\/2020\/04\/Deutschlandkarte-nextbike-Systeme-768x968.png 768w, https:\/\/www.asta-giessen.de\/wp-content\/uploads\/2020\/04\/Deutschlandkarte-nextbike-Systeme-1219x1536.png 1219w, https:\/\/www.asta-giessen.de\/wp-content\/uploads\/2020\/04\/Deutschlandkarte-nextbike-Systeme-1625x2048.png 1625w, https:\/\/www.asta-giessen.de\/wp-content\/uploads\/2020\/04\/Deutschlandkarte-nextbike-Systeme.png 2005w\" sizes=\"auto, (max-width: 812px) 100vw, 812px\" \/><\/figure>\r\n\r\n<p>&nbsp;<\/p>\r\n<p>&nbsp;<\/p>","protected":false},"excerpt":{"rendered":"<p>The Department for Transport and Infrastructure is responsible for all matters related to mobility and transportation at JLU. Its main tasks include negotiating the conditions &hellip; <\/p>\n","protected":false},"author":34,"featured_media":0,"parent":2154,"menu_order":0,"comment_status":"closed","ping_status":"closed","template":"","meta":{"footnotes":""},"class_list":["post-2166","page","type-page","status-publish","hentry","latest_post"],"translation":{"provider":"WPGlobus","version":"3.0.2","language":"en","enabled_languages":["de","en"],"languages":{"de":{"title":true,"content":true,"excerpt":false},"en":{"title":true,"content":true,"excerpt":false}}},"_links":{"self":[{"href":"https:\/\/www.asta-giessen.de\/en\/wp-json\/wp\/v2\/pages\/2166","targetHints":{"allow":["GET"]}}],"collection":[{"href":"https:\/\/www.asta-giessen.de\/en\/wp-json\/wp\/v2\/pages"}],"about":[{"href":"https:\/\/www.asta-giessen.de\/en\/wp-json\/wp\/v2\/types\/page"}],"author":[{"embeddable":true,"href":"https:\/\/www.asta-giessen.de\/en\/wp-json\/wp\/v2\/users\/34"}],"replies":[{"embeddable":true,"href":"https:\/\/www.asta-giessen.de\/en\/wp-json\/wp\/v2\/comments?post=2166"}],"version-history":[{"count":0,"href":"https:\/\/www.asta-giessen.de\/en\/wp-json\/wp\/v2\/pages\/2166\/revisions"}],"up":[{"embeddable":true,"href":"https:\/\/www.asta-giessen.de\/en\/wp-json\/wp\/v2\/pages\/2154"}],"wp:attachment":[{"href":"https:\/\/www.asta-giessen.de\/en\/wp-json\/wp\/v2\/media?parent=2166"}],"curies":[{"name":"wp","href":"https:\/\/api.w.org\/{rel}","templated":true}]}}