{"id":4585,"date":"2020-03-19T18:52:09","date_gmt":"2020-03-19T17:52:09","guid":{"rendered":"https:\/\/www.asta-giessen.de\/?page_id=4585"},"modified":"2023-09-22T17:49:54","modified_gmt":"2023-09-22T15:49:54","slug":"corona","status":"publish","type":"page","link":"https:\/\/www.asta-giessen.de\/en\/corona\/","title":{"rendered":"\u00c4nderungen aufgrund von Covid-19"},"content":{"rendered":"<p>Auch bei uns hat sich einiges aufgrund des Coronavirus ge\u00e4ndert. Auf dieser Seite findet ihr alle Infos zu unserem aktuellen Betrieb:<\/p>\n<p><strong>BERATUNGSANGEBOTE<\/strong><\/p>\n<p>Die psychologische sowie die Rechtsberatung k\u00f6nnen weiterhin nur telefonisch oder per E-Mail stattfinden. Infos zur psychologischen Beratung findet ihr <a href=\"https:\/\/www.asta-giessen.de\/service\/psychologische-beratung\/\">hier<\/a> und zur Rechtsberatung\u00a0<a href=\"https:\/\/www.asta-giessen.de\/service\/rechtsberatung\/\">hier<\/a>.<\/p>\n<p><strong>R\u00dcCKERSTATTUNG DER SEMESTERTICKETS<\/strong><\/p>\n<p>Die Formulare f\u00fcr die R\u00fcckerstattung des Semestertickets k\u00f6nnen per Mail zu uns gesendet werden. Das Vorzeigen der entwerteten Chipkarten ist im AStA-B\u00fcro m\u00f6glich. Das B\u00fcro ist wieder zu den regul\u00e4ren Zeiten ge\u00f6ffnet. Abweichungen oder krankheitsbedingte Schlie\u00dfungen geben wir \u00fcber die Website und ggf. Social Media bekannt. Weitere Infos zur R\u00fcckerstattung findet ihr <a href=\"https:\/\/www.asta-giessen.de\/service\/semesterticket\/rueckerstattung\/\">hier<\/a>.<\/p>\n<p><strong>INFOS ZUR UNI<\/strong><\/p>\n<p>Alles rund um den aktuell eingeschr\u00e4nkten Uni-Betrieb (Pr\u00fcfungen, Abgaben, Veranstaltungen, &#8230;) findet ihr auf der Webseite der <a href=\"https:\/\/www.uni-giessen.de\/coronavirus\">JLU Gie\u00dfen<\/a>. Falls ihr noch Fragen zur Lehre unter dem Einfluss der Corona-Krise habt, k\u00f6nnte ihr diese an <a href=\"mailto:corona-lehre@uni-giessen.de\">corona-lehre@uni-giessen.de<\/a> richten.<\/p>\n","protected":false},"excerpt":{"rendered":"<p>Auch bei uns hat sich einiges aufgrund des Coronavirus ge\u00e4ndert. Auf dieser Seite findet ihr alle Infos zu unserem aktuellen Betrieb: BERATUNGSANGEBOTE Die psychologische sowie &hellip; <\/p>\n","protected":false},"author":34,"featured_media":0,"parent":0,"menu_order":0,"comment_status":"closed","ping_status":"closed","template":"","meta":{"footnotes":""},"class_list":["post-4585","page","type-page","status-publish","hentry","latest_post"],"translation":{"provider":"WPGlobus","version":"3.0.2","language":"en","enabled_languages":["de","en"],"languages":{"de":{"title":true,"content":true,"excerpt":false},"en":{"title":false,"content":false,"excerpt":false}}},"_links":{"self":[{"href":"https:\/\/www.asta-giessen.de\/en\/wp-json\/wp\/v2\/pages\/4585","targetHints":{"allow":["GET"]}}],"collection":[{"href":"https:\/\/www.asta-giessen.de\/en\/wp-json\/wp\/v2\/pages"}],"about":[{"href":"https:\/\/www.asta-giessen.de\/en\/wp-json\/wp\/v2\/types\/page"}],"author":[{"embeddable":true,"href":"https:\/\/www.asta-giessen.de\/en\/wp-json\/wp\/v2\/users\/34"}],"replies":[{"embeddable":true,"href":"https:\/\/www.asta-giessen.de\/en\/wp-json\/wp\/v2\/comments?post=4585"}],"version-history":[{"count":0,"href":"https:\/\/www.asta-giessen.de\/en\/wp-json\/wp\/v2\/pages\/4585\/revisions"}],"wp:attachment":[{"href":"https:\/\/www.asta-giessen.de\/en\/wp-json\/wp\/v2\/media?parent=4585"}],"curies":[{"name":"wp","href":"https:\/\/api.w.org\/{rel}","templated":true}]}}