{"id":6453,"date":"2021-10-07T16:48:05","date_gmt":"2021-10-07T14:48:05","guid":{"rendered":"https:\/\/www.asta-giessen.de\/?page_id=6453"},"modified":"2021-10-24T23:48:26","modified_gmt":"2021-10-24T21:48:26","slug":"vollversammlung","status":"publish","type":"page","link":"https:\/\/www.asta-giessen.de\/en\/vollversammlung\/","title":{"rendered":"Gr\u00fcndungs-Vollversammlung: Autonomes Referat f\u00fcr sozial, finanziell und kulturell benachteiligte Studierende"},"content":{"rendered":"<h2><strong>Gr\u00fcndungsaufruf<\/strong><\/h2>\n<p>72% der 18-25-J\u00e4hrigen in Deutschland stammen aus nichtakademischen Haushalten, doch nur knapp ein F\u00fcnftel von ihnen (21%) wird einmal studieren. Menschen aus akademischen Haushalten dagegen studieren mit einer Quote von 74% und machen damit trotz ihres geringen Anteils an der Bev\u00f6lkerung mehr als die H\u00e4lfte der Studierenden an deutschen Hochschulen aus. Je h\u00f6her der Bildungsabschluss, desto sozial selektiver setzt sich die Gruppe der Absolvent:innen zusammen. Von 100 Arbeiterkindern promoviert nur eines, w\u00e4hrend es bei Akademikerkindern das Zehnfache ist.<\/p>\n<p>Dieses Ph\u00e4nomen nennt man Bildungstrichter. In kaum einem anderen europ\u00e4ischen Land ist die Bildungsungleichheit so gro\u00df wie in Deutschland. Bildungsungerechtigkeit und Diskriminierung aufgrund sozialer Herkunft (Klassismus) finden ihren H\u00f6hepunkt in der Universit\u00e4t.<br \/>\nMit der Gr\u00fcndung eines Autonomen Referats an der JLU soll Menschen aus nichtakademischen oder prek\u00e4ren Haushalten eine Stimme gegeben werden.<\/p>\n<p>Das Autonome Referat soll als Anlaufstelle, politischer Akteur und vor allem als Sprachrohr aller dienen, die ihrer sozialen Herkunft wegen in ihrem Bildungsweg oder ihrer Pers\u00f6nlichkeitsentfaltung benachteiligt werden.<\/p>\n<p><strong>Dazu bist Du herzlich zur ersten Vollversammlung des Autonomen Referats f\u00fcr sozial, finanziell und kulturell benachteiligte Studierende am 09.11.2021 um 18 Uhr eingeladen! Die Veranstaltung findet hybrid statt: entweder online per <a href=\"https:\/\/uni-giessen.webex.com\/uni-giessen\/j.php?MTID=mbcb83442dae4bf012d2aeb906f1ba0f4\">Webex<\/a> oder vor Ort im H\u00f6rsaal A1 in Geb\u00e4ude A des Philosophikum 1.\u00a0<\/strong><\/p>\n<p><strong>Im Anschluss an die Veranstaltung sind alle, die Lust haben, herzlich dazu eingeladen, den Abend bei einem Getr\u00e4nk in einer Bar\/Kneipe ausklingen zu lassen.<\/strong><\/p>\n<p><strong>Link zum Webex-Event:<\/strong><\/p>\n<p><a href=\"https:\/\/uni-giessen.webex.com\/uni-giessen\/j.php?MTID=mbcb83442dae4bf012d2aeb906f1ba0f4\">https:\/\/uni-giessen.webex.com\/uni-giessen\/j.phpMTID=mbcb83442dae4bf012d2aeb906f1ba0f4<\/a><\/p>\n<p>Hinweis: Die Wahlen werden digital via StudIP durchgef\u00fchrt. Vorraussetzung f\u00fcr die Teilnahme an der Wahl ist die Eintragung in einer <a href=\"https:\/\/studip.uni-giessen.de\/dispatch.php\/course\/details?sem_id=efa4bb3d826ad820dd6c0708192bd660&amp;again=yes\">StudIP Veranstaltung<\/a>. Das Passwort zur Veranstaltung wird in der Vollversammlung bekannt gegeben.<\/p>\n<p>Fragen? Meldet euch gerne \u00fcber die E-Mail-Adresse koordination@asta-giessen.de bei uns!<\/p>\n","protected":false},"excerpt":{"rendered":"<p>Gr\u00fcndungsaufruf 72% der 18-25-J\u00e4hrigen in Deutschland stammen aus nichtakademischen Haushalten, doch nur knapp ein F\u00fcnftel von ihnen (21%) wird einmal studieren. Menschen aus akademischen Haushalten &hellip; <\/p>\n","protected":false},"author":34,"featured_media":6686,"parent":0,"menu_order":0,"comment_status":"closed","ping_status":"closed","template":"","meta":{"footnotes":""},"class_list":["post-6453","page","type-page","status-publish","has-post-thumbnail","hentry","latest_post"],"translation":{"provider":"WPGlobus","version":"3.0.2","language":"en","enabled_languages":["de","en"],"languages":{"de":{"title":true,"content":true,"excerpt":false},"en":{"title":false,"content":false,"excerpt":false}}},"_links":{"self":[{"href":"https:\/\/www.asta-giessen.de\/en\/wp-json\/wp\/v2\/pages\/6453","targetHints":{"allow":["GET"]}}],"collection":[{"href":"https:\/\/www.asta-giessen.de\/en\/wp-json\/wp\/v2\/pages"}],"about":[{"href":"https:\/\/www.asta-giessen.de\/en\/wp-json\/wp\/v2\/types\/page"}],"author":[{"embeddable":true,"href":"https:\/\/www.asta-giessen.de\/en\/wp-json\/wp\/v2\/users\/34"}],"replies":[{"embeddable":true,"href":"https:\/\/www.asta-giessen.de\/en\/wp-json\/wp\/v2\/comments?post=6453"}],"version-history":[{"count":0,"href":"https:\/\/www.asta-giessen.de\/en\/wp-json\/wp\/v2\/pages\/6453\/revisions"}],"wp:featuredmedia":[{"embeddable":true,"href":"https:\/\/www.asta-giessen.de\/en\/wp-json\/wp\/v2\/media\/6686"}],"wp:attachment":[{"href":"https:\/\/www.asta-giessen.de\/en\/wp-json\/wp\/v2\/media?parent=6453"}],"curies":[{"name":"wp","href":"https:\/\/api.w.org\/{rel}","templated":true}]}}