{"id":7496,"date":"2022-06-09T16:28:31","date_gmt":"2022-06-09T14:28:31","guid":{"rendered":"https:\/\/www.asta-giessen.de\/?page_id=7496"},"modified":"2023-01-17T19:41:49","modified_gmt":"2023-01-17T18:41:49","slug":"autonomes-referat-fuer-empowerment-und-anti-klassismus-area","status":"publish","type":"page","link":"https:\/\/www.asta-giessen.de\/en\/autonome-referate\/autonomes-referat-fuer-empowerment-und-anti-klassismus-area\/","title":{"rendered":"Autonomes Referat f\u00fcr Empowerment und Anti-Klassismus (AREA)"},"content":{"rendered":"<p>Vor einem Jahr sind wir, AREA \u2014Das autonome Referat f\u00fcr Empowerment und Antiklassismus, gegr\u00fcndet worden.<\/p>\n<p>Neun gew\u00e4hlte Referent*innen aus verschiedensten Fachbereichen der JLU mit einem Ziel: Sozial, finanziell und kulturell benachteiligte Student*innen sollen unterst\u00fctzt, gesehen, hochschulpolitisch vertreten werden und Zugang erhalten. Bildungsungleichheit und Diskriminierung wollen wir auch in Gie\u00dfen und von Gie\u00dfen ausgehend aktiv entgegenwirken.<\/p>\n<p>Unser Ziel ist es immer mehr Betroffene, aber auch Allys und Menschen anzusprechen, die sich noch nicht mit der breiten Ungleichheit in unserem System auseinandergesetzt haben. Laut der letzten Studierendenbefragung der JLU (Wintersemester 2021\/22) kommen nicht nur wir, sondern 52% unserer Kommiliton*innen aus nichtakademischen Elternh\u00e4usern und trotzdem ist die Universit\u00e4t ein Ort, der strukturell von Akademiker*innenkindern f\u00fcr Akademiker*innenkinder aufgebaut ist. H\u00f6chste Zeit daran etwas zu \u00e4ndern!<\/p>\n<p>Bis jetzt waren wir erfolgreich mit der Einf\u00fchrung eines Sprechstundenangebots, spannende Vortr\u00e4ge und die Einrichtung eines aktiven Instagram Kanals (@area_jlu), um euch auf dem Laufenden zu halten. F\u00fcr die Zukunft haben wir noch einiges mehr auf Lager: weitere Vortr\u00e4ge, ein Lesekreis und ein regelm\u00e4\u00dfiger Stammtisch sind in Planung. Kontaktiert uns gerne unter area@asta giessen.de oder schickt uns eine DM auf Instagram!<\/p>\n<p><a href=\"https:\/\/www.asta-giessen.de\/wp-content\/uploads\/2022\/06\/AREA.png\"><img loading=\"lazy\" decoding=\"async\" class=\"alignnone size-medium wp-image-7497\" src=\"https:\/\/www.asta-giessen.de\/wp-content\/uploads\/2022\/06\/AREA-300x300.png\" alt=\"\" width=\"300\" height=\"300\" srcset=\"https:\/\/www.asta-giessen.de\/wp-content\/uploads\/2022\/06\/AREA-300x300.png 300w, https:\/\/www.asta-giessen.de\/wp-content\/uploads\/2022\/06\/AREA-150x150.png 150w, https:\/\/www.asta-giessen.de\/wp-content\/uploads\/2022\/06\/AREA-768x768.png 768w, https:\/\/www.asta-giessen.de\/wp-content\/uploads\/2022\/06\/AREA-60x60.png 60w, https:\/\/www.asta-giessen.de\/wp-content\/uploads\/2022\/06\/AREA.png 945w\" sizes=\"auto, (max-width: 300px) 100vw, 300px\" \/><\/a><\/p>\n","protected":false},"excerpt":{"rendered":"<p>Vor einem Jahr sind wir, AREA \u2014Das autonome Referat f\u00fcr Empowerment und Antiklassismus, gegr\u00fcndet worden. Neun gew\u00e4hlte Referent*innen aus verschiedensten Fachbereichen der JLU mit einem &hellip; <\/p>\n","protected":false},"author":34,"featured_media":0,"parent":2178,"menu_order":0,"comment_status":"closed","ping_status":"closed","template":"","meta":{"footnotes":""},"class_list":["post-7496","page","type-page","status-publish","hentry","latest_post"],"translation":{"provider":"WPGlobus","version":"3.0.2","language":"en","enabled_languages":["de","en"],"languages":{"de":{"title":true,"content":true,"excerpt":false},"en":{"title":false,"content":false,"excerpt":false}}},"_links":{"self":[{"href":"https:\/\/www.asta-giessen.de\/en\/wp-json\/wp\/v2\/pages\/7496","targetHints":{"allow":["GET"]}}],"collection":[{"href":"https:\/\/www.asta-giessen.de\/en\/wp-json\/wp\/v2\/pages"}],"about":[{"href":"https:\/\/www.asta-giessen.de\/en\/wp-json\/wp\/v2\/types\/page"}],"author":[{"embeddable":true,"href":"https:\/\/www.asta-giessen.de\/en\/wp-json\/wp\/v2\/users\/34"}],"replies":[{"embeddable":true,"href":"https:\/\/www.asta-giessen.de\/en\/wp-json\/wp\/v2\/comments?post=7496"}],"version-history":[{"count":0,"href":"https:\/\/www.asta-giessen.de\/en\/wp-json\/wp\/v2\/pages\/7496\/revisions"}],"up":[{"embeddable":true,"href":"https:\/\/www.asta-giessen.de\/en\/wp-json\/wp\/v2\/pages\/2178"}],"wp:attachment":[{"href":"https:\/\/www.asta-giessen.de\/en\/wp-json\/wp\/v2\/media?parent=7496"}],"curies":[{"name":"wp","href":"https:\/\/api.w.org\/{rel}","templated":true}]}}